{"id":288,"date":"2023-10-20T23:16:09","date_gmt":"2023-10-20T21:16:09","guid":{"rendered":"https:\/\/toiture-colombus.com\/?page_id=288"},"modified":"2023-10-25T14:59:57","modified_gmt":"2023-10-25T12:59:57","slug":"home","status":"publish","type":"page","link":"https:\/\/toiture-colombus.com\/","title":{"rendered":"Accueil"},"content":{"rendered":"","protected":false},"excerpt":{"rendered":"","protected":false},"author":1,"featured_media":0,"parent":0,"menu_order":0,"comment_status":"closed","ping_status":"closed","template":"page-templates\/frontpage.php","meta":{"footnotes":""},"class_list":["post-288","page","type-page","status-publish","hentry"],"yoast_head":"<!-- This site is optimized with the Yoast SEO plugin v27.5 - https:\/\/yoast.com\/product\/yoast-seo-wordpress\/ -->\n<title>Accueil - Toiture Colombus<\/title>\n<meta name=\"description\" content=\"Toiture Columbus, entreprise familiale sp\u00e9cialis\u00e9e en toiture \u00e0 Columbus, offre r\u00e9paration, r\u00e9novation, construction de toitures de qualit\u00e9.\" \/>\n<meta name=\"robots\" content=\"index, follow, max-snippet:-1, max-image-preview:large, max-video-preview:-1\" \/>\n<link rel=\"canonical\" href=\"https:\/\/toiture-colombus.com\/\" \/>\n<meta property=\"og:locale\" content=\"fr_FR\" \/>\n<meta property=\"og:type\" content=\"article\" \/>\n<meta property=\"og:title\" content=\"Accueil - Toiture Colombus\" \/>\n<meta property=\"og:description\" content=\"Toiture Columbus, entreprise familiale sp\u00e9cialis\u00e9e en toiture \u00e0 Columbus, offre r\u00e9paration, r\u00e9novation, construction de toitures de qualit\u00e9.\" \/>\n<meta property=\"og:url\" content=\"https:\/\/toiture-colombus.com\/\" \/>\n<meta property=\"og:site_name\" content=\"Toiture Colombus\" \/>\n<meta property=\"article:modified_time\" content=\"2023-10-25T12:59:57+00:00\" \/>\n<meta property=\"og:image\" content=\"https:\/\/i0.wp.com\/toiture-colombus.com\/wp-content\/uploads\/2023\/10\/Logo_toiture_colombus%404x.webp?fit=854%2C734&ssl=1\" \/>\n\t<meta property=\"og:image:width\" content=\"854\" \/>\n\t<meta property=\"og:image:height\" content=\"734\" \/>\n\t<meta property=\"og:image:type\" content=\"image\/webp\" \/>\n<meta name=\"twitter:card\" content=\"summary_large_image\" \/>\n<script type=\"application\/ld+json\" class=\"yoast-schema-graph\">{\"@context\":\"https:\\\/\\\/schema.org\",\"@graph\":[{\"@type\":\"WebPage\",\"@id\":\"https:\\\/\\\/toiture-colombus.com\\\/\",\"url\":\"https:\\\/\\\/toiture-colombus.com\\\/\",\"name\":\"Accueil - Toiture Colombus\",\"isPartOf\":{\"@id\":\"https:\\\/\\\/toiture-colombus.com\\\/#website\"},\"datePublished\":\"2023-10-20T21:16:09+00:00\",\"dateModified\":\"2023-10-25T12:59:57+00:00\",\"description\":\"Toiture Columbus, entreprise familiale sp\u00e9cialis\u00e9e en toiture \u00e0 Columbus, offre r\u00e9paration, r\u00e9novation, construction de toitures de qualit\u00e9.\",\"breadcrumb\":{\"@id\":\"https:\\\/\\\/toiture-colombus.com\\\/#breadcrumb\"},\"inLanguage\":\"fr-FR\",\"potentialAction\":[{\"@type\":\"ReadAction\",\"target\":[\"https:\\\/\\\/toiture-colombus.com\\\/\"]}]},{\"@type\":\"BreadcrumbList\",\"@id\":\"https:\\\/\\\/toiture-colombus.com\\\/#breadcrumb\",\"itemListElement\":[{\"@type\":\"ListItem\",\"position\":1,\"name\":\"Accueil\",\"item\":\"https:\\\/\\\/toiture-colombus.com\\\/\"},{\"@type\":\"ListItem\",\"position\":2,\"name\":\"Accueil\"}]},{\"@type\":\"WebSite\",\"@id\":\"https:\\\/\\\/toiture-colombus.com\\\/#website\",\"url\":\"https:\\\/\\\/toiture-colombus.com\\\/\",\"name\":\"Toiture Colombus\",\"description\":\"R\u00e9novation toitures &amp; charpentes\",\"publisher\":{\"@id\":\"https:\\\/\\\/toiture-colombus.com\\\/#organization\"},\"alternateName\":\"Toiture Colombus\",\"potentialAction\":[{\"@type\":\"SearchAction\",\"target\":{\"@type\":\"EntryPoint\",\"urlTemplate\":\"https:\\\/\\\/toiture-colombus.com\\\/?s={search_term_string}\"},\"query-input\":{\"@type\":\"PropertyValueSpecification\",\"valueRequired\":true,\"valueName\":\"search_term_string\"}}],\"inLanguage\":\"fr-FR\"},{\"@type\":\"Organization\",\"@id\":\"https:\\\/\\\/toiture-colombus.com\\\/#organization\",\"name\":\"Toiture Colombus\",\"alternateName\":\"Colombus\",\"url\":\"https:\\\/\\\/toiture-colombus.com\\\/\",\"logo\":{\"@type\":\"ImageObject\",\"inLanguage\":\"fr-FR\",\"@id\":\"https:\\\/\\\/toiture-colombus.com\\\/#\\\/schema\\\/logo\\\/image\\\/\",\"url\":\"https:\\\/\\\/i0.wp.com\\\/toiture-colombus.com\\\/wp-content\\\/uploads\\\/2023\\\/10\\\/cropped-cropped-Logo_toiture_colombus%404x.webp?fit=512%2C393&ssl=1\",\"contentUrl\":\"https:\\\/\\\/i0.wp.com\\\/toiture-colombus.com\\\/wp-content\\\/uploads\\\/2023\\\/10\\\/cropped-cropped-Logo_toiture_colombus%404x.webp?fit=512%2C393&ssl=1\",\"width\":512,\"height\":393,\"caption\":\"Toiture Colombus\"},\"image\":{\"@id\":\"https:\\\/\\\/toiture-colombus.com\\\/#\\\/schema\\\/logo\\\/image\\\/\"}}]}<\/script>\n<!-- \/ Yoast SEO plugin. -->","yoast_head_json":{"title":"Accueil - Toiture Colombus","description":"Toiture Columbus, entreprise familiale sp\u00e9cialis\u00e9e en toiture \u00e0 Columbus, offre r\u00e9paration, r\u00e9novation, construction de toitures de qualit\u00e9.","robots":{"index":"index","follow":"follow","max-snippet":"max-snippet:-1","max-image-preview":"max-image-preview:large","max-video-preview":"max-video-preview:-1"},"canonical":"https:\/\/toiture-colombus.com\/","og_locale":"fr_FR","og_type":"article","og_title":"Accueil - Toiture Colombus","og_description":"Toiture Columbus, entreprise familiale sp\u00e9cialis\u00e9e en toiture \u00e0 Columbus, offre r\u00e9paration, r\u00e9novation, construction de toitures de qualit\u00e9.","og_url":"https:\/\/toiture-colombus.com\/","og_site_name":"Toiture Colombus","article_modified_time":"2023-10-25T12:59:57+00:00","og_image":[{"width":854,"height":734,"url":"https:\/\/i0.wp.com\/toiture-colombus.com\/wp-content\/uploads\/2023\/10\/Logo_toiture_colombus%404x.webp?fit=854%2C734&ssl=1","type":"image\/webp"}],"twitter_card":"summary_large_image","schema":{"@context":"https:\/\/schema.org","@graph":[{"@type":"WebPage","@id":"https:\/\/toiture-colombus.com\/","url":"https:\/\/toiture-colombus.com\/","name":"Accueil - Toiture Colombus","isPartOf":{"@id":"https:\/\/toiture-colombus.com\/#website"},"datePublished":"2023-10-20T21:16:09+00:00","dateModified":"2023-10-25T12:59:57+00:00","description":"Toiture Columbus, entreprise familiale sp\u00e9cialis\u00e9e en toiture \u00e0 Columbus, offre r\u00e9paration, r\u00e9novation, construction de toitures de qualit\u00e9.","breadcrumb":{"@id":"https:\/\/toiture-colombus.com\/#breadcrumb"},"inLanguage":"fr-FR","potentialAction":[{"@type":"ReadAction","target":["https:\/\/toiture-colombus.com\/"]}]},{"@type":"BreadcrumbList","@id":"https:\/\/toiture-colombus.com\/#breadcrumb","itemListElement":[{"@type":"ListItem","position":1,"name":"Accueil","item":"https:\/\/toiture-colombus.com\/"},{"@type":"ListItem","position":2,"name":"Accueil"}]},{"@type":"WebSite","@id":"https:\/\/toiture-colombus.com\/#website","url":"https:\/\/toiture-colombus.com\/","name":"Toiture Colombus","description":"R\u00e9novation toitures &amp; charpentes","publisher":{"@id":"https:\/\/toiture-colombus.com\/#organization"},"alternateName":"Toiture Colombus","potentialAction":[{"@type":"SearchAction","target":{"@type":"EntryPoint","urlTemplate":"https:\/\/toiture-colombus.com\/?s={search_term_string}"},"query-input":{"@type":"PropertyValueSpecification","valueRequired":true,"valueName":"search_term_string"}}],"inLanguage":"fr-FR"},{"@type":"Organization","@id":"https:\/\/toiture-colombus.com\/#organization","name":"Toiture Colombus","alternateName":"Colombus","url":"https:\/\/toiture-colombus.com\/","logo":{"@type":"ImageObject","inLanguage":"fr-FR","@id":"https:\/\/toiture-colombus.com\/#\/schema\/logo\/image\/","url":"https:\/\/i0.wp.com\/toiture-colombus.com\/wp-content\/uploads\/2023\/10\/cropped-cropped-Logo_toiture_colombus%404x.webp?fit=512%2C393&ssl=1","contentUrl":"https:\/\/i0.wp.com\/toiture-colombus.com\/wp-content\/uploads\/2023\/10\/cropped-cropped-Logo_toiture_colombus%404x.webp?fit=512%2C393&ssl=1","width":512,"height":393,"caption":"Toiture Colombus"},"image":{"@id":"https:\/\/toiture-colombus.com\/#\/schema\/logo\/image\/"}}]}},"jetpack_sharing_enabled":true,"_links":{"self":[{"href":"https:\/\/toiture-colombus.com\/index.php\/wp-json\/wp\/v2\/pages\/288","targetHints":{"allow":["GET"]}}],"collection":[{"href":"https:\/\/toiture-colombus.com\/index.php\/wp-json\/wp\/v2\/pages"}],"about":[{"href":"https:\/\/toiture-colombus.com\/index.php\/wp-json\/wp\/v2\/types\/page"}],"author":[{"embeddable":true,"href":"https:\/\/toiture-colombus.com\/index.php\/wp-json\/wp\/v2\/users\/1"}],"replies":[{"embeddable":true,"href":"https:\/\/toiture-colombus.com\/index.php\/wp-json\/wp\/v2\/comments?post=288"}],"version-history":[{"count":0,"href":"https:\/\/toiture-colombus.com\/index.php\/wp-json\/wp\/v2\/pages\/288\/revisions"}],"wp:attachment":[{"href":"https:\/\/toiture-colombus.com\/index.php\/wp-json\/wp\/v2\/media?parent=288"}],"curies":[{"name":"wp","href":"https:\/\/api.w.org\/{rel}","templated":true}]}}